{"id":237556,"date":"2022-05-19T15:35:06","date_gmt":"2022-05-19T13:35:06","guid":{"rendered":"https:\/\/www.espace43.be\/les-services\/"},"modified":"2022-09-08T10:40:03","modified_gmt":"2022-09-08T08:40:03","slug":"services","status":"publish","type":"page","link":"https:\/\/www.espace43.be\/en\/services\/","title":{"rendered":"Services"},"content":{"rendered":"<p>[et_pb_section fb_built=&#8221;1&#8243; custom_padding_last_edited=&#8221;on|phone&#8221; admin_label=&#8221;espace43&#8243; _builder_version=&#8221;4.17.4&#8243; _module_preset=&#8221;default&#8221; background_color=&#8221;#FFFFFF&#8221; background_image=&#8221;https:\/\/www.espace43.be\/wp-content\/uploads\/2022\/05\/grillage-02.webp&#8221; background_size=&#8221;initial&#8221; background_repeat=&#8221;repeat&#8221; custom_padding=&#8221;70px||70px||false|false&#8221; custom_padding_tablet=&#8221;70px||70px||false|false&#8221; custom_padding_phone=&#8221;60px||70px||false|false&#8221; global_colors_info=&#8221;{}&#8221;][et_pb_row column_structure=&#8221;1_2,1_2&#8243; custom_padding_last_edited=&#8221;on|phone&#8221; admin_label=&#8221;Section 2 :  intro&#8221; _builder_version=&#8221;4.17.4&#8243; _module_preset=&#8221;default&#8221; background_color=&#8221;#FFFFFF&#8221; background_size=&#8221;contain&#8221; width=&#8221;85%&#8221; width_tablet=&#8221;85%&#8221; width_phone=&#8221;93%&#8221; width_last_edited=&#8221;on|phone&#8221; max_width=&#8221;2560px&#8221; custom_margin=&#8221;|auto|100px|auto|false|false&#8221; custom_padding=&#8221;90px|4%|90px|4%|true|true&#8221; custom_padding_tablet=&#8221;90px|4%|50px|4%|false|true&#8221; custom_padding_phone=&#8221;40px||||false|true&#8221; border_radii=&#8221;on|50px|50px|50px|50px&#8221; box_shadow_style=&#8221;preset1&#8243; box_shadow_color=&#8221;rgba(30,30,30,0.25)&#8221; collapsed=&#8221;on&#8221; global_colors_info=&#8221;{}&#8221;][et_pb_column type=&#8221;1_2&#8243; _builder_version=&#8221;4.17.3&#8243; _module_preset=&#8221;default&#8221; custom_padding=&#8221;|4%|||false|false&#8221; global_colors_info=&#8221;{}&#8221;][et_pb_text _builder_version=&#8221;4.18.0&#8243; _module_preset=&#8221;default&#8221; header_font=&#8221;Roboto|300|||||||&#8221; header_text_align=&#8221;center&#8221; header_font_size=&#8221;45px&#8221; header_line_height=&#8221;1.1em&#8221; header_2_font=&#8221;Gilda Display||||||||&#8221; header_2_text_color=&#8221;#000000&#8243; header_2_font_size=&#8221;50px&#8221; background_enable_image=&#8221;off&#8221; text_orientation=&#8221;center&#8221; custom_margin=&#8221;||0px||false|false&#8221; custom_padding=&#8221;||29px||false|false&#8221; header_font_size_tablet=&#8221;47px&#8221; header_font_size_phone=&#8221;35px&#8221; header_font_size_last_edited=&#8221;on|phone&#8221; header_2_font_size_tablet=&#8221;30px&#8221; header_2_font_size_phone=&#8221;24px&#8221; header_2_font_size_last_edited=&#8221;on|phone&#8221; global_colors_info=&#8221;{}&#8221;]<\/p>\n<h1>Our services<\/h1>\n<p>[\/et_pb_text][et_pb_text _builder_version=&#8221;4.18.0&#8243; _module_preset=&#8221;default&#8221; text_font=&#8221;||||||||&#8221; text_font_size=&#8221;15px&#8221; text_line_height=&#8221;1.9em&#8221; text_font_size_tablet=&#8221;15px&#8221; text_font_size_phone=&#8221;13px&#8221; text_font_size_last_edited=&#8221;on|phone&#8221; global_colors_info=&#8221;{}&#8221;]<\/p>\n<p><span style=\"font-weight: 400;\">At Espace 43, we do what is necessary to welcome you in the best conditions. We offer you various services to make your stay in our rooms, our duplex or\/and in our multipurpose room more pleasant. You will feel at home and will be able to enjoy, with peace of mind, all the activities you want to experience on the banks of the Meuse, in the capital of Wallonia.<\/span><\/p>\n<p>[\/et_pb_text][et_pb_text _builder_version=&#8221;4.18.0&#8243; _module_preset=&#8221;default&#8221; text_font=&#8221;||||||||&#8221; text_font_size=&#8221;15px&#8221; text_line_height=&#8221;1.9em&#8221; text_font_size_tablet=&#8221;15px&#8221; text_font_size_phone=&#8221;13px&#8221; text_font_size_last_edited=&#8221;on|phone&#8221; global_colors_info=&#8221;{}&#8221;]<\/p>\n<p><span style=\"font-weight: 400;\">Discover the services and little extras you get when you stay at Espace 43:<\/span><\/p>\n<ul>\n<li><span style=\"font-weight: 400;\">\u00a0\u00a0\u00a0\u00a0Breakfast and meals delivered by Le Pain Quotidien<\/span><\/li>\n<li><span style=\"font-weight: 400;\">\u00a0\u00a0\u00a0\u00a0Chef at home for the duplex, on request<\/span><\/li>\n<li><span style=\"font-weight: 400;\">\u00a0\u00a0\u00a0\u00a0Distributors (drinks, food long DLC)<\/span><\/li>\n<li><span style=\"font-weight: 400;\">\u00a0\u00a0\u00a0\u00a0Take a book \u2013 leave a book<\/span><\/li>\n<li><span style=\"font-weight: 400;\">\u00a0\u00a0\u00a0\u00a0Espace 43 playlist available on Spotify<\/span><\/li>\n<li><span style=\"font-weight: 400;\">\u00a0\u00a0\u00a0\u00a0Rental of vintage bicycles, on request<\/span><\/li>\n<li><span style=\"font-weight: 400;\">\u00a0\u00a0\u00a0\u00a0Secure bicycle storage room, on request<\/span><\/li>\n<li><span style=\"font-weight: 400;\">\u00a0\u00a0\u00a0\u00a0Cleaning included<\/span><\/li>\n<\/ul>\n<p>[\/et_pb_text][et_pb_text _builder_version=&#8221;4.18.0&#8243; _module_preset=&#8221;default&#8221; text_font=&#8221;|600|||||||&#8221; text_font_size=&#8221;16px&#8221; text_line_height=&#8221;1.9em&#8221; custom_margin=&#8221;||7px|||&#8221; text_font_size_tablet=&#8221;15px&#8221; text_font_size_phone=&#8221;13px&#8221; text_font_size_last_edited=&#8221;on|phone&#8221; global_colors_info=&#8221;{}&#8221;]<\/p>\n<p><span style=\"font-weight: 400;\">A question or a particular request ?<\/span><\/p>\n<p>[\/et_pb_text][et_pb_button button_url=&#8221;mailto:info@espace43.be?subject=demande%20infos&#8221; url_new_window=&#8221;on&#8221; button_text=&#8221;contact us&#8221; button_alignment=&#8221;left&#8221; _builder_version=&#8221;4.18.0&#8243; _module_preset=&#8221;default&#8221; custom_button=&#8221;on&#8221; button_text_size=&#8221;13px&#8221; button_text_color=&#8221;#FFFFFF&#8221; button_bg_color=&#8221;#FF5867&#8243; button_border_width=&#8221;2px&#8221; button_border_color=&#8221;#FFFFFF&#8221; button_border_radius=&#8221;50px&#8221; button_letter_spacing=&#8221;2px&#8221; button_font=&#8221;Roboto|600||on|||||&#8221; button_use_icon=&#8221;off&#8221; custom_margin=&#8221;||||false|false&#8221; custom_margin_tablet=&#8221;60px||60px||true|false&#8221; custom_margin_phone=&#8221;60px||60px||true|false&#8221; custom_margin_last_edited=&#8221;on|tablet&#8221; custom_padding=&#8221;15px|25px|15px|25px|true|true&#8221; custom_padding_tablet=&#8221;15px||15px|30px|false|false&#8221; custom_padding_phone=&#8221;15px||15px|30px|false|false&#8221; custom_padding_last_edited=&#8221;on|tablet&#8221; animation_style=&#8221;slide&#8221; animation_direction=&#8221;top&#8221; animation_intensity_slide=&#8221;10%&#8221; box_shadow_style=&#8221;preset4&#8243; box_shadow_horizontal=&#8221;3px&#8221; box_shadow_vertical=&#8221;7px&#8221; box_shadow_color=&#8221;#59A37E&#8221; global_colors_info=&#8221;{}&#8221; button_letter_spacing__hover_enabled=&#8221;on|hover&#8221; button_letter_spacing__hover=&#8221;2px&#8221; button_border_width__hover_enabled=&#8221;on|desktop&#8221; button_bg_color__hover_enabled=&#8221;on|hover&#8221; button_bg_color__hover=&#8221;#59A37E&#8221; button_bg_enable_color__hover=&#8221;on&#8221; box_shadow_color__hover_enabled=&#8221;on|hover&#8221; box_shadow_color__hover=&#8221;#FF5867&#8243; button_border_color__hover_enabled=&#8221;on|hover&#8221; button_border_color__hover=&#8221;#FFFFFF&#8221; button_border_width__hover=&#8221;2px&#8221;][\/et_pb_button][\/et_pb_column][et_pb_column type=&#8221;1_2&#8243; _builder_version=&#8221;4.17.3&#8243; _module_preset=&#8221;default&#8221; background_enable_image=&#8221;off&#8221; custom_padding=&#8221;||||true|false&#8221; filter_brightness=&#8221;94%&#8221; global_colors_info=&#8221;{}&#8221;][et_pb_image src=&#8221;https:\/\/www.espace43.be\/wp-content\/uploads\/2022\/05\/espace43-traiteur.jpg&#8221; title_text=&#8221;espace43-traiteur&#8221; align=&#8221;center&#8221; _builder_version=&#8221;4.17.4&#8243; _module_preset=&#8221;default&#8221; width=&#8221;75%&#8221; module_alignment=&#8221;center&#8221; animation_style=&#8221;zoom&#8221; animation_intensity_zoom=&#8221;10%&#8221; border_width_all=&#8221;10px&#8221; border_color_all=&#8221;#FFFFFF&#8221; box_shadow_style=&#8221;preset3&#8243; global_colors_info=&#8221;{}&#8221;][\/et_pb_image][\/et_pb_column][\/et_pb_row][et_pb_row column_structure=&#8221;1_2,1_2&#8243; custom_padding_last_edited=&#8221;on|phone&#8221; admin_label=&#8221;Section 6 :  les alentours&#8221; _builder_version=&#8221;4.17.4&#8243; _module_preset=&#8221;default&#8221; background_enable_color=&#8221;off&#8221; background_enable_image=&#8221;off&#8221; background_size=&#8221;custom&#8221; background_image_width=&#8221;20%&#8221; background_position=&#8221;bottom_left&#8221; background_horizontal_offset=&#8221;11%&#8221; background_vertical_offset=&#8221;6%&#8221; width=&#8221;85%&#8221; width_tablet=&#8221;85%&#8221; width_phone=&#8221;100%&#8221; width_last_edited=&#8221;on|phone&#8221; max_width=&#8221;2560px&#8221; custom_margin=&#8221;100px|auto||auto|false|false&#8221; custom_margin_tablet=&#8221;100px|auto||auto|false|false&#8221; custom_margin_phone=&#8221;100px|auto||auto|false|false&#8221; custom_margin_last_edited=&#8221;on|phone&#8221; custom_padding=&#8221;|2%|61px|2%|false|true&#8221; custom_padding_tablet=&#8221;|4%|61px|4%|false|true&#8221; custom_padding_phone=&#8221;|4%|61px|4%|false|true&#8221; border_radii=&#8221;on|50px|50px|50px|50px&#8221; locked=&#8221;off&#8221; collapsed=&#8221;off&#8221; global_colors_info=&#8221;{}&#8221;][et_pb_column type=&#8221;1_2&#8243; _builder_version=&#8221;4.17.4&#8243; _module_preset=&#8221;default&#8221; background_color=&#8221;#FFFFFF&#8221; custom_padding=&#8221;6%|4%|6%|4%|true|true&#8221; border_radii=&#8221;on|50px|50px|50px|50px&#8221; box_shadow_style=&#8221;preset1&#8243; global_colors_info=&#8221;{}&#8221;][et_pb_text _builder_version=&#8221;4.18.0&#8243; _module_preset=&#8221;default&#8221; header_2_font=&#8221;Roboto|300|||||||&#8221; header_2_text_color=&#8221;#000000&#8243; header_2_font_size=&#8221;35px&#8221; background_enable_image=&#8221;off&#8221; text_orientation=&#8221;center&#8221; custom_margin=&#8221;||10px||false|false&#8221; custom_padding_tablet=&#8221;&#8221; custom_padding_phone=&#8221;20px||||false|false&#8221; custom_padding_last_edited=&#8221;on|phone&#8221; header_2_font_size_tablet=&#8221;30px&#8221; header_2_font_size_phone=&#8221;24px&#8221; header_2_font_size_last_edited=&#8221;on|phone&#8221; locked=&#8221;off&#8221; global_colors_info=&#8221;{}&#8221;]<\/p>\n<h2>Rent a room or a multipurpose room in Namur that offers many services<\/h2>\n<p>[\/et_pb_text][et_pb_text _builder_version=&#8221;4.18.0&#8243; _module_preset=&#8221;default&#8221; text_font=&#8221;||||||||&#8221; text_text_color=&#8221;#1E1E1E&#8221; text_font_size=&#8221;15px&#8221; text_line_height=&#8221;1.8em&#8221; custom_margin=&#8221;||15px|||&#8221; text_font_size_tablet=&#8221;15px&#8221; text_font_size_phone=&#8221;14px&#8221; text_font_size_last_edited=&#8221;on|desktop&#8221; locked=&#8221;off&#8221; global_colors_info=&#8221;{}&#8221;]<\/p>\n<p><span style=\"font-weight: 400;\">By choosing to rent one of the Espace 43 accommodations in Namur or to organize an event in its multipurpose room, you are guaranteed services allowing you to experience this moment in an ideal context. We offer many services and our team is at your disposal to satisfy your desires and your needs.<\/span><\/p>\n<p>[\/et_pb_text][et_pb_button button_url=&#8221;https:\/\/reservations.cubilis.eu\/espace43-namur?Language=en-GB&#8221; url_new_window=&#8221;on&#8221; button_text=&#8221;Book now&#8221; button_alignment=&#8221;left&#8221; _builder_version=&#8221;4.18.0&#8243; _module_preset=&#8221;default&#8221; custom_button=&#8221;on&#8221; button_text_size=&#8221;13px&#8221; button_text_color=&#8221;#FFFFFF&#8221; button_bg_color=&#8221;#FF5867&#8243; button_border_width=&#8221;2px&#8221; button_border_color=&#8221;#FFFFFF&#8221; button_border_radius=&#8221;50px&#8221; button_letter_spacing=&#8221;2px&#8221; button_font=&#8221;Roboto|600||on|||||&#8221; button_use_icon=&#8221;off&#8221; custom_margin=&#8221;60px||||false|false&#8221; custom_margin_tablet=&#8221;60px||60px||true|false&#8221; custom_margin_phone=&#8221;60px||60px||true|false&#8221; custom_margin_last_edited=&#8221;on|tablet&#8221; custom_padding=&#8221;15px|25px|15px|25px|true|true&#8221; custom_padding_tablet=&#8221;15px||15px|30px|false|false&#8221; custom_padding_phone=&#8221;15px||15px|30px|false|false&#8221; custom_padding_last_edited=&#8221;on|tablet&#8221; animation_style=&#8221;slide&#8221; animation_direction=&#8221;top&#8221; animation_intensity_slide=&#8221;10%&#8221; hover_enabled=&#8221;0&#8243; box_shadow_style=&#8221;preset4&#8243; box_shadow_horizontal=&#8221;3px&#8221; box_shadow_vertical=&#8221;7px&#8221; box_shadow_color=&#8221;#59A37E&#8221; global_colors_info=&#8221;{}&#8221; button_letter_spacing__hover_enabled=&#8221;on|hover&#8221; button_letter_spacing__hover=&#8221;2px&#8221; button_border_width__hover_enabled=&#8221;on|desktop&#8221; button_bg_color__hover_enabled=&#8221;on|hover&#8221; button_bg_color__hover=&#8221;#59A37E&#8221; button_bg_enable_color__hover=&#8221;on&#8221; box_shadow_color__hover_enabled=&#8221;on|hover&#8221; box_shadow_color__hover=&#8221;#FF5867&#8243; button_border_color__hover_enabled=&#8221;on|hover&#8221; button_border_color__hover=&#8221;#FFFFFF&#8221; button_border_width__hover=&#8221;2px&#8221; sticky_enabled=&#8221;0&#8243;][\/et_pb_button][\/et_pb_column][et_pb_column type=&#8221;1_2&#8243; _builder_version=&#8221;4.17.4&#8243; _module_preset=&#8221;default&#8221; background_enable_color=&#8221;off&#8221; global_colors_info=&#8221;{}&#8221;][et_pb_image src=&#8221;https:\/\/www.espace43.be\/wp-content\/uploads\/2022\/05\/espace43-autocollant-06.png&#8221; title_text=&#8221;espace43-autocollant-06&#8243; align=&#8221;center&#8221; _builder_version=&#8221;4.17.4&#8243; _module_preset=&#8221;default&#8221; z_index=&#8221;1&#8243; width=&#8221;40%&#8221; width_tablet=&#8221;40%&#8221; width_phone=&#8221;60%&#8221; width_last_edited=&#8221;on|phone&#8221; custom_margin=&#8221;||-6%||false|false&#8221; custom_margin_tablet=&#8221;||-6%||false|false&#8221; custom_margin_phone=&#8221;||-10%||false|false&#8221; custom_margin_last_edited=&#8221;on|phone&#8221; custom_padding=&#8221;||0px||false|false&#8221; global_colors_info=&#8221;{}&#8221;][\/et_pb_image][et_pb_image src=&#8221;https:\/\/www.espace43.be\/wp-content\/uploads\/2022\/07\/espace43-chambre-a-namur-04.jpg&#8221; title_text=&#8221;espace43-chambre-a-namur-04&#8243; align=&#8221;center&#8221; admin_label=&#8221;t\u00e9l\u00e9ph\u00e9rique&#8221; _builder_version=&#8221;4.17.4&#8243; _module_preset=&#8221;default&#8221; transform_rotate=&#8221;0deg|0deg|2deg&#8221; width=&#8221;75%&#8221; width_tablet=&#8221;75%&#8221; width_phone=&#8221;100%&#8221; width_last_edited=&#8221;on|phone&#8221; module_alignment=&#8221;center&#8221; animation_style=&#8221;zoom&#8221; animation_intensity_zoom=&#8221;10%&#8221; border_width_all=&#8221;10px&#8221; border_color_all=&#8221;#FFFFFF&#8221; border_width_bottom=&#8221;80px&#8221; box_shadow_style=&#8221;preset3&#8243; box_shadow_color=&#8221;rgba(0,0,0,0.21)&#8221; global_colors_info=&#8221;{}&#8221; transform_styles__hover_enabled=&#8221;on|hover&#8221; transform_scale__hover_enabled=&#8221;on|desktop&#8221; transform_translate__hover_enabled=&#8221;on|hover&#8221; transform_rotate__hover_enabled=&#8221;on|desktop&#8221; transform_skew__hover_enabled=&#8221;on|desktop&#8221; transform_origin__hover_enabled=&#8221;on|desktop&#8221; transform_scale__hover=&#8221;105%|105%&#8221; transform_rotate__hover=&#8221;0deg|0deg|2deg&#8221;][\/et_pb_image][\/et_pb_column][\/et_pb_row][\/et_pb_section]<\/p>\n","protected":false},"excerpt":{"rendered":"<p>Our servicesAt Espace 43, we do what is necessary to welcome you in the best conditions. We offer you various services to make your stay in our rooms, our duplex or\/and in our multipurpose room more pleasant. You will feel at home and will be able to enjoy, with peace of mind, all the activities you want to experience on the banks of the Meuse, in the capital of Wallonia.Discover the services and little extras you get when you stay at Espace 43: \u00a0\u00a0\u00a0\u00a0Breakfast and meals delivered by Le Pain Quotidien \u00a0\u00a0\u00a0\u00a0Chef at home for the duplex, on request \u00a0\u00a0\u00a0\u00a0Distributors (drinks, food long DLC) \u00a0\u00a0\u00a0\u00a0Take a book \u2013 leave a book \u00a0\u00a0\u00a0\u00a0Espace 43 playlist available on Spotify \u00a0\u00a0\u00a0\u00a0Rental of vintage bicycles, on request \u00a0\u00a0\u00a0\u00a0Secure bicycle storage room, on request \u00a0\u00a0\u00a0\u00a0Cleaning included A question or a particular request ?Rent a room or a multipurpose room in Namur that offers many servicesBy choosing to rent one of the Espace 43 accommodations in Namur or to organize an event in its multipurpose room, you are guaranteed services allowing you to experience this moment in an ideal context. We offer many services and our team is at your disposal to satisfy your desires and [&hellip;]<\/p>\n","protected":false},"author":1,"featured_media":0,"parent":0,"menu_order":0,"comment_status":"closed","ping_status":"closed","template":"","meta":{"_et_pb_use_builder":"on","_et_pb_old_content":"","_et_gb_content_width":"","footnotes":""},"class_list":["post-237556","page","type-page","status-publish","hentry"],"_links":{"self":[{"href":"https:\/\/www.espace43.be\/en\/wp-json\/wp\/v2\/pages\/237556","targetHints":{"allow":["GET"]}}],"collection":[{"href":"https:\/\/www.espace43.be\/en\/wp-json\/wp\/v2\/pages"}],"about":[{"href":"https:\/\/www.espace43.be\/en\/wp-json\/wp\/v2\/types\/page"}],"author":[{"embeddable":true,"href":"https:\/\/www.espace43.be\/en\/wp-json\/wp\/v2\/users\/1"}],"replies":[{"embeddable":true,"href":"https:\/\/www.espace43.be\/en\/wp-json\/wp\/v2\/comments?post=237556"}],"version-history":[{"count":0,"href":"https:\/\/www.espace43.be\/en\/wp-json\/wp\/v2\/pages\/237556\/revisions"}],"wp:attachment":[{"href":"https:\/\/www.espace43.be\/en\/wp-json\/wp\/v2\/media?parent=237556"}],"curies":[{"name":"wp","href":"https:\/\/api.w.org\/{rel}","templated":true}]}}