{"id":237595,"date":"2021-07-26T10:37:45","date_gmt":"2021-07-26T08:37:45","guid":{"rendered":"https:\/\/www.espace43.be\/politique-de-confidentialite\/"},"modified":"2022-09-07T16:45:07","modified_gmt":"2022-09-07T14:45:07","slug":"respect-for-privacy","status":"publish","type":"page","link":"https:\/\/www.espace43.be\/en\/respect-for-privacy\/","title":{"rendered":"Respect for privacy"},"content":{"rendered":"<p>[et_pb_section fb_built=&#8221;1&#8243; custom_padding_last_edited=&#8221;on|phone&#8221; _builder_version=&#8221;4.16&#8243; _module_preset=&#8221;default&#8221; custom_padding=&#8221;120px||10px||false|&#8221; custom_padding_tablet=&#8221;&#8221; custom_padding_phone=&#8221;50px||10px||false|false&#8221; global_colors_info=&#8221;{}&#8221;][et_pb_row _builder_version=&#8221;4.16&#8243; _module_preset=&#8221;default&#8221; global_colors_info=&#8221;{}&#8221;][et_pb_column type=&#8221;4_4&#8243; _builder_version=&#8221;4.16&#8243; _module_preset=&#8221;default&#8221; global_colors_info=&#8221;{}&#8221;][et_pb_text _builder_version=&#8221;4.17.4&#8243; _module_preset=&#8221;default&#8221; header_font=&#8221;Stardos Stencil||||||||&#8221; text_orientation=&#8221;center&#8221; global_colors_info=&#8221;{}&#8221;]<\/p>\n<h1 class=\"et_pb_module_header et-fb-editable-element et-fb-editable-element__editing\" data-shortcode-id=\"0.0-1627293356275\" data-quickaccess-id=\"title\" contenteditable=\"true\">Respect de la vie priv\u00e9e \u2013 Traitement des donn\u00e9es personnelles<\/h1>\n<p>[\/et_pb_text][\/et_pb_column][\/et_pb_row][et_pb_row admin_label=&#8221;vie priv\u00e9e&#8221; _builder_version=&#8221;4.16&#8243; _module_preset=&#8221;default&#8221; global_colors_info=&#8221;{}&#8221;][et_pb_column type=&#8221;4_4&#8243; _builder_version=&#8221;4.16&#8243; _module_preset=&#8221;default&#8221; global_colors_info=&#8221;{}&#8221;][et_pb_text _builder_version=&#8221;4.18.0&#8243; _module_preset=&#8221;default&#8221; hover_enabled=&#8221;0&#8243; global_colors_info=&#8221;{}&#8221; sticky_enabled=&#8221;0&#8243;]<\/p>\n<p><b>The Company whose contact details are listed on the &#8220;contact&#8221; page of the website and the User who communicates personal data to the latter, undertake to comply with the regulations in force applicable to the processing of personal data and, in particular, Regulation (EU) 2016\/679 of the European Parliament and of the Council of 27\/04\/2016 (GDPR).<\/b><\/p>\n<p><span style=\"font-weight: 400;\">The Company collects and processes the identity data and contact details it receives from the User, in particular via the contact form on the website and from any other useful contact person. The purposes of this processing are the response to questions asked by the User, the execution of an agreement, the management of customers and their orders, accounting and direct prospecting activities, such as sending of information, promotional or commercial content. The legal bases are the execution of a contract, the User&#8217;s consent, compliance with legal and regulatory obligations and\/or the legitimate interest of the Company.<\/span><\/p>\n<p><span style=\"font-weight: 400;\">The aforementioned personal data will be processed in accordance with the provisions of the general data protection regulations and will only be transmitted, except with the User&#8217;s other consent, to subcontractors, recipients and\/or third parties insofar as necessary. within the framework of the aforementioned purposes for said processing.<\/span><\/p>\n<p><span style=\"font-weight: 400;\">The User is responsible for the accuracy and updating of the personal data that (s)he provides to the Company and undertakes to strictly comply with the provisions of the general data protection regulations with regard to persons whose personal data it has transmitted, as well as concerning all possible personal data that it may receive from its own customers.<\/span><\/p>\n<p><span style=\"font-weight: 400;\">Personal data is stored and processed for a necessary period depending on the purposes of the processing and the relationship (contractual or not). User data will, in any case, be removed from our systems no later than December 31 of the seventh year following the collection of the data, except for personal data that we are required to keep for a longer time, on the basis of specific legislation or in the event of an ongoing dispute for which the personal data is necessary.<\/span><\/p>\n<p><b>By the agreement (s)he gives when entering or communicating his\/her personal data, the User consents, in addition to the processing defined above, to the collection and use of his\/her personal data in the manner defined below.<\/b><\/p>\n<p><b>The Company collects personal identification information (name, address, telephone number, e-mail address, VAT number, total number of visits to the site, number of visitors to each of the pages of the site, domain names of visitors&#8217; Internet service providers, IP addresses, cookies).<\/b><\/p>\n<p><b>The User gives his\/her consent for his\/her data to be used for advertising, commercial or marketing purposes and consents to receive, from the Company, information on his\/her e-mail address (newsletter, etc.) or by post. .<\/b><\/p>\n<p><b>Right of access: <\/b><span style=\"font-weight: 400;\">the User has the right to ask at any time whether his\/her data has been collected, for how long and for what purpose.<\/span><\/p>\n<p><b>Right of rectification: <\/b><span style=\"font-weight: 400;\">the User has the right to request that his\/her false or incomplete data be corrected or completed at any time on simple request.<\/span><\/p>\n<p><b>Right to limitation of processing: <\/b><span style=\"font-weight: 400;\">the User may request a limitation of the processing of his\/her data. This means that the data in question must be &#8220;marked&#8221; in our IT system and can no longer be used for a certain period of time.<\/span><\/p>\n<p><b>Right to erasure of data (&#8216;right to be forgotten&#8217;): <\/b><span style=\"font-weight: 400;\">Subject to the exceptions provided for by law, the User has the right to demand that his\/her data be erased.<\/span><\/p>\n<p><b>Right to data portability: <\/b><span style=\"font-weight: 400;\">The User may request that hir\/her data be transmitted to him\/her in a \u201cstructured, commonly used and machine-readable format\u201d.<\/span><\/p>\n<p><b>Right of complaint: <\/b><span style=\"font-weight: 400;\">The User may lodge a complaint with the data protection authority.<\/span><\/p>\n<p><span style=\"font-weight: 400;\">The Company undertakes to implement technical and organizational measures guaranteeing an adequate level of security to protect the confidentiality of data. The Company notifies the customer of any personal data breach of which it is aware<\/span><\/p>\n<p>[\/et_pb_text][\/et_pb_column][\/et_pb_row][et_pb_row admin_label=&#8221;cookies&#8221; module_id=&#8221;cookies&#8221; _builder_version=&#8221;4.16&#8243; _module_preset=&#8221;default&#8221; sticky_limit_bottom=&#8221;section&#8221; global_colors_info=&#8221;{}&#8221;][et_pb_column type=&#8221;4_4&#8243; _builder_version=&#8221;4.16&#8243; _module_preset=&#8221;default&#8221; global_colors_info=&#8221;{}&#8221;][et_pb_text _builder_version=&#8221;4.18.0&#8243; _module_preset=&#8221;default&#8221; hover_enabled=&#8221;0&#8243; global_colors_info=&#8221;{}&#8221; sticky_enabled=&#8221;0&#8243;]<\/p>\n<p><b>Cookies<\/b><\/p>\n<p><span style=\"font-weight: 400;\">A cookie is a small text file saved by a website&#8217;s server in the browser of your computer or mobile device when you visit that website. The cookie contains a unique code that allows your browser to be recognized during your visit to the website (\u201csession cookie\u201d) or during future repeated visits (\u201cpermanent cookie\u201d).<\/span><\/p>\n<p><span style=\"font-weight: 400;\">Cookies can be placed by the server of the website you are visiting or by partners with whom this website works. The server of a website can only read the cookies it has placed itself; it does not have access to any other information on your computer or mobile device.<\/span><\/p>\n<p><span style=\"font-weight: 400;\">Cookies are stored on your computer or mobile device in your browser directory.<\/span><\/p>\n<p><span style=\"font-weight: 400;\">The content of a cookie generally consists of the name of the server that placed the cookie, an expiration date and a unique encrypted code. Cookies ensure a generally easier and faster interaction between the visitor and the website.<\/span><\/p>\n<p><span style=\"font-weight: 400;\">In addition, they help the visitor to navigate between the different parts of the website. Cookies can also be used to make the content of a website or the advertising on this site more relevant to the visitor and to adapt the website to the personal tastes and needs of the visitor.<\/span><\/p>\n<p><span style=\"font-weight: 400;\">Functional cookies are required to allow the visit of the Sites and the use of certain parts of them.<\/span><\/p>\n<p><span style=\"font-weight: 400;\">These cookies allow you, for example, to navigate between the different sections of the websites, to complete forms, to place orders, to consult a multilingual website and to update the contents of your basket.<\/span><\/p>\n<p><span style=\"font-weight: 400;\">Similarly, when you want to access your personal account, for example in your administration area or another application made available to you (Ex. Extranet, webmail, etc.), cookies are essential to securely verify your identity. before granting access to your personal information.<\/span><\/p>\n<p><span style=\"font-weight: 400;\">If you refuse these cookies, some sections of the website will not work as they should, if at all.<\/span><\/p>\n<p><span style=\"font-weight: 400;\">The Sites place a cookie on your computer for the purposes of statistical analysis and site audience measurement and for the purpose of simplifying access to the site.<\/span><\/p>\n<p><span style=\"font-weight: 400;\">This cookie records information relating to the navigation of visitors on the site.<\/span><\/p>\n<p><span style=\"font-weight: 400;\">It stores information that you have entered during your visit, namely certain visitor information about the visitor, such as the domain and host computer name from which the visitor is browsing the Internet, the Internet Protocol (IP) address of the computer used, the date and time of the visitor&#8217;s navigation on the Sites and the URLs from which the visitor passed to the site.<\/span><\/p>\n<p>[\/et_pb_text][et_pb_text _builder_version=&#8221;4.18.0&#8243; _module_preset=&#8221;default&#8221; hover_enabled=&#8221;0&#8243; global_colors_info=&#8221;{}&#8221; sticky_enabled=&#8221;0&#8243;]<\/p>\n<p><strong><span style=\"font-weight: 400;\">You are free, at any time, to configure or reconfigure your preferences in terms of cookies: <\/span><a class=\"wt-cli-manage-consent-link\">Configurer les cookies<\/a><\/strong><\/p>\n<p>[\/et_pb_text][\/et_pb_column][\/et_pb_row][et_pb_row admin_label=&#8221;newsletter&#8221; module_id=&#8221;newsletter&#8221; _builder_version=&#8221;4.16&#8243; _module_preset=&#8221;default&#8221; custom_padding=&#8221;||70px|||&#8221; sticky_limit_bottom=&#8221;section&#8221; global_colors_info=&#8221;{}&#8221;][et_pb_column type=&#8221;4_4&#8243; _builder_version=&#8221;4.16&#8243; _module_preset=&#8221;default&#8221; global_colors_info=&#8221;{}&#8221;][et_pb_text _builder_version=&#8221;4.18.0&#8243; _module_preset=&#8221;default&#8221; hover_enabled=&#8221;0&#8243; global_colors_info=&#8221;{}&#8221; sticky_enabled=&#8221;0&#8243;]<\/p>\n<p><b>GDPR newsletter<\/b><\/p>\n<p><span style=\"font-weight: 400;\">On May 25, 2018, the General Data Protection Regulation (GDPR) came into force.<\/span><\/p>\n<p><span style=\"font-weight: 400;\">Its objective is to protect your personal data, that is to say all the information that allows you to be identified.<\/span><\/p>\n<p><span style=\"font-weight: 400;\">You are receiving this email because you are currently in our database.<\/span><\/p>\n<p><span style=\"font-weight: 400;\">As such, it seems important to us to remind you of your rights.<\/span><\/p>\n<p><span style=\"font-weight: 400;\">We undertake to comply with the regulations in force applicable to the processing of personal data and, in particular, Regulation (EU) 2016\/679 of the European Parliament and of the Council of 04\/27\/2016 (RGPD).<\/span><\/p>\n<p><span style=\"font-weight: 400;\">We collect and process the identity data and contact details we receive from our customers and any other useful contact person. The purposes of this processing are the execution of an agreement, customer management, accounting and direct prospecting activities, such as the sending of promotional or commercial information. The legal bases are the performance of a contract, consent, compliance with legal and regulatory obligations and\/or legitimate interest.<\/span><\/p>\n<p><span style=\"font-weight: 400;\">Personal data will be processed in accordance with the provisions of the general data protection regulations and will only be transmitted to subcontractors, recipients and\/or third parties insofar as necessary for the aforementioned purposes for said processing.<\/span><\/p>\n<p><span style=\"font-weight: 400;\">Personal data is kept and processed for a necessary period depending on the purposes of the processing and the relationship (contractual or not) with a maximum of 10 years, unless there is consent to extend this period. Customer data will, in any case, be removed from our systems by December 31 of the seventh year following the expiration of the contract, unless the customer has given his\/her consent to the retention of his\/her data, except for personal data which we are obliged to keep for a longer period on the basis of specific legislation.<\/span><\/p>\n<p>&nbsp;<\/p>\n<p><span style=\"font-weight: 400;\">We inform you that you have the following rights:<\/span><\/p>\n<p><span style=\"font-weight: 400;\">Right of access: you have the right to ask at any time whether your data has been collected, for how long and for what purpose.<\/span><\/p>\n<p><span style=\"font-weight: 400;\">Right of rectification: you have the right to request that your false or incomplete data be corrected or completed at any time on simple request.<\/span><\/p>\n<p><span style=\"font-weight: 400;\">Right to limitation of processing: you can request a limitation of the processing of your data. This means that the data in question must be &#8220;marked&#8221; in our IT system and can no longer be used for a certain period of time.<\/span><\/p>\n<p><span style=\"font-weight: 400;\">Right to erasure of data (&#8216;right to be forgotten&#8217;): Subject to the exceptions provided for by law, you have the right to demand that your data be erased. If you wish to deactivate the possibility for our company to proceed with the use of its personal data, you just have to reply to this message.<\/span><\/p>\n<p><span style=\"font-weight: 400;\">Right to data portability: you can request that your data be sent to you in a \u201cstructured, commonly used and machine-readable format\u201d.<\/span><\/p>\n<p><span style=\"font-weight: 400;\">Right of complaint: you can lodge a complaint with the data protection authority.<\/span><\/p>\n<p><span style=\"font-weight: 400;\">We are committed to implementing technical and organizational measures guaranteeing an adequate level of security to protect the confidentiality of data.<\/span><\/p>\n<p><span style=\"font-weight: 400;\">We will notify you of any personal data breach of which we become aware.<\/span><\/p>\n<p><span style=\"font-weight: 400;\">You are also registered on our mailing list to receive our news. This list contains your email address that you provided to us.<\/span><\/p>\n<p><span style=\"font-weight: 400;\">You don&#8217;t have to do anything about it. We keep your contact details which allow us to communicate to you information exclusively devoted to our activities.<\/span><\/p>\n<p><span style=\"font-weight: 400;\">We remind you, however, that you can withdraw your consent to receive our newsletters at any time and cancel your subscription by clicking on &#8220;unsubscribe&#8221; at the bottom of the page of each newsletter.<\/span><\/p>\n<p><span style=\"font-weight: 400;\">We remain at your entire disposal for any further information.<\/span><\/p>\n<p>[\/et_pb_text][\/et_pb_column][\/et_pb_row][\/et_pb_section]<\/p>\n","protected":false},"excerpt":{"rendered":"<p>Respect de la vie priv\u00e9e \u2013 Traitement des donn\u00e9es personnellesThe Company whose contact details are listed on the &#8220;contact&#8221; page of the website and the User who communicates personal data to the latter, undertake to comply with the regulations in force applicable to the processing of personal data and, in particular, Regulation (EU) 2016\/679 of the European Parliament and of the Council of 27\/04\/2016 (GDPR). The Company collects and processes the identity data and contact details it receives from the User, in particular via the contact form on the website and from any other useful contact person. The purposes of this processing are the response to questions asked by the User, the execution of an agreement, the management of customers and their orders, accounting and direct prospecting activities, such as sending of information, promotional or commercial content. The legal bases are the execution of a contract, the User&#8217;s consent, compliance with legal and regulatory obligations and\/or the legitimate interest of the Company. The aforementioned personal data will be processed in accordance with the provisions of the general data protection regulations and will only be transmitted, except with the User&#8217;s other consent, to subcontractors, recipients and\/or third parties insofar as necessary. [&hellip;]<\/p>\n","protected":false},"author":1,"featured_media":0,"parent":0,"menu_order":0,"comment_status":"closed","ping_status":"closed","template":"","meta":{"_et_pb_use_builder":"on","_et_pb_old_content":"<!-- wp:heading -->\r\n<h2>Qui sommes-nous ?<\/h2>\r\n<!-- \/wp:heading -->\r\n\r\n<!-- wp:paragraph -->\r\n<p><strong class=\"privacy-policy-tutorial\">Texte sugg\u00e9r\u00e9 : <\/strong>L\u2019adresse de notre site Web est : https:\/\/aphrodite.mediasee.be.<\/p>\r\n<!-- \/wp:paragraph -->\r\n\r\n<!-- wp:heading -->\r\n<h2>Commentaires<\/h2>\r\n<!-- \/wp:heading -->\r\n\r\n<!-- wp:paragraph -->\r\n<p><strong class=\"privacy-policy-tutorial\">Texte sugg\u00e9r\u00e9 : <\/strong>Quand vous laissez un commentaire sur notre site web, les donn\u00e9es inscrites dans le formulaire de commentaire, mais aussi votre adresse IP et l\u2019agent utilisateur de votre navigateur sont collect\u00e9s pour nous aider \u00e0 la d\u00e9tection des commentaires ind\u00e9sirables.<\/p>\r\n<!-- \/wp:paragraph -->\r\n\r\n<!-- wp:paragraph -->\r\n<p>Une cha\u00eene anonymis\u00e9e cr\u00e9\u00e9e \u00e0 partir de votre adresse de messagerie (\u00e9galement appel\u00e9e hash) peut \u00eatre envoy\u00e9e au service Gravatar pour v\u00e9rifier si vous utilisez ce dernier. Les clauses de confidentialit\u00e9 du service Gravatar sont disponibles ici : https:\/\/automattic.com\/privacy\/. Apr\u00e8s validation de votre commentaire, votre photo de profil sera visible publiquement \u00e0 cot\u00e9 de votre commentaire.<\/p>\r\n<!-- \/wp:paragraph -->\r\n\r\n<!-- wp:heading -->\r\n<h2>M\u00e9dias<\/h2>\r\n<!-- \/wp:heading -->\r\n\r\n<!-- wp:paragraph -->\r\n<p><strong class=\"privacy-policy-tutorial\">Texte sugg\u00e9r\u00e9 : <\/strong>Si vous \u00eates un utilisateur ou une utilisatrice enregistr\u00e9\u00b7e et que vous t\u00e9l\u00e9versez des images sur le site web, nous vous conseillons d\u2019\u00e9viter de t\u00e9l\u00e9verser des images contenant des donn\u00e9es EXIF de coordonn\u00e9es GPS. Les visiteurs de votre site web peuvent t\u00e9l\u00e9charger et extraire des donn\u00e9es de localisation depuis ces images.<\/p>\r\n<!-- \/wp:paragraph -->\r\n\r\n<!-- wp:heading -->\r\n<h2>Cookies<\/h2>\r\n<!-- \/wp:heading -->\r\n\r\n<!-- wp:paragraph -->\r\n<p><strong class=\"privacy-policy-tutorial\">Texte sugg\u00e9r\u00e9 : <\/strong>Si vous d\u00e9posez un commentaire sur notre site, il vous sera propos\u00e9 d\u2019enregistrer votre nom, adresse de messagerie et site web dans des cookies. C\u2019est uniquement pour votre confort afin de ne pas avoir \u00e0 saisir ces informations si vous d\u00e9posez un autre commentaire plus tard. Ces cookies expirent au bout d\u2019un an.<\/p>\r\n<!-- \/wp:paragraph -->\r\n\r\n<!-- wp:paragraph -->\r\n<p>Si vous vous rendez sur la page de connexion, un cookie temporaire sera cr\u00e9\u00e9 afin de d\u00e9terminer si votre navigateur accepte les cookies. Il ne contient pas de donn\u00e9es personnelles et sera supprim\u00e9 automatiquement \u00e0 la fermeture de votre navigateur.<\/p>\r\n<!-- \/wp:paragraph -->\r\n\r\n<!-- wp:paragraph -->\r\n<p>Lorsque vous vous connecterez, nous mettrons en place un certain nombre de cookies pour enregistrer vos informations de connexion et vos pr\u00e9f\u00e9rences d\u2019\u00e9cran. La dur\u00e9e de vie d\u2019un cookie de connexion est de deux jours, celle d\u2019un cookie d\u2019option d\u2019\u00e9cran est d\u2019un an. Si vous cochez \u00ab Se souvenir de moi \u00bb, votre cookie de connexion sera conserv\u00e9 pendant deux semaines. Si vous vous d\u00e9connectez de votre compte, le cookie de connexion sera effac\u00e9.<\/p>\r\n<!-- \/wp:paragraph -->\r\n\r\n<!-- wp:paragraph -->\r\n<p>En modifiant ou en publiant une publication, un cookie suppl\u00e9mentaire sera enregistr\u00e9 dans votre navigateur. Ce cookie ne comprend aucune donn\u00e9e personnelle. Il indique simplement l\u2019ID de la publication que vous venez de modifier. Il expire au bout d\u2019un jour.<\/p>\r\n<!-- \/wp:paragraph -->\r\n\r\n<!-- wp:heading -->\r\n<h2>Contenu embarqu\u00e9 depuis d\u2019autres sites<\/h2>\r\n<!-- \/wp:heading -->\r\n\r\n<!-- wp:paragraph -->\r\n<p><strong class=\"privacy-policy-tutorial\">Texte sugg\u00e9r\u00e9 : <\/strong>Les articles de ce site peuvent inclure des contenus int\u00e9gr\u00e9s (par exemple des vid\u00e9os, images, articles\u2026). Le contenu int\u00e9gr\u00e9 depuis d\u2019autres sites se comporte de la m\u00eame mani\u00e8re que si le visiteur se rendait sur cet autre site.<\/p>\r\n<!-- \/wp:paragraph -->\r\n\r\n<!-- wp:paragraph -->\r\n<p>Ces sites web pourraient collecter des donn\u00e9es sur vous, utiliser des cookies, embarquer des outils de suivis tiers, suivre vos interactions avec ces contenus embarqu\u00e9s si vous disposez d\u2019un compte connect\u00e9 sur leur site web.<\/p>\r\n<!-- \/wp:paragraph -->\r\n\r\n<!-- wp:heading -->\r\n<h2>Utilisation et transmission de vos donn\u00e9es personnelles<\/h2>\r\n<!-- \/wp:heading -->\r\n\r\n<!-- wp:paragraph -->\r\n<p><strong class=\"privacy-policy-tutorial\">Texte sugg\u00e9r\u00e9 : <\/strong>Si vous demandez une r\u00e9initialisation de votre mot de passe, votre adresse IP sera incluse dans l\u2019e-mail de r\u00e9initialisation.<\/p>\r\n<!-- \/wp:paragraph -->\r\n\r\n<!-- wp:heading -->\r\n<h2>Dur\u00e9es de stockage de vos donn\u00e9es<\/h2>\r\n<!-- \/wp:heading -->\r\n\r\n<!-- wp:paragraph -->\r\n<p><strong class=\"privacy-policy-tutorial\">Texte sugg\u00e9r\u00e9 : <\/strong>Si vous laissez un commentaire, le commentaire et ses m\u00e9tadonn\u00e9es sont conserv\u00e9s ind\u00e9finiment. Cela permet de reconna\u00eetre et approuver automatiquement les commentaires suivants au lieu de les laisser dans la file de mod\u00e9ration.<\/p>\r\n<!-- \/wp:paragraph -->\r\n\r\n<!-- wp:paragraph -->\r\n<p>Pour les utilisateurs et utilisatrices qui s\u2019enregistrent sur notre site (si cela est possible), nous stockons \u00e9galement les donn\u00e9es personnelles indiqu\u00e9es dans leur profil. Tous les utilisateurs et utilisatrices peuvent voir, modifier ou supprimer leurs informations personnelles \u00e0 tout moment (\u00e0 l\u2019exception de leur nom d\u2019utilisateur\u00b7ice). Les gestionnaires du site peuvent aussi voir et modifier ces informations.<\/p>\r\n<!-- \/wp:paragraph -->\r\n\r\n<!-- wp:heading -->\r\n<h2>Les droits que vous avez sur vos donn\u00e9es<\/h2>\r\n<!-- \/wp:heading -->\r\n\r\n<!-- wp:paragraph -->\r\n<p><strong class=\"privacy-policy-tutorial\">Texte sugg\u00e9r\u00e9 : <\/strong>Si vous avez un compte ou si vous avez laiss\u00e9 des commentaires sur le site, vous pouvez demander \u00e0 recevoir un fichier contenant toutes les donn\u00e9es personnelles que nous poss\u00e9dons \u00e0 votre sujet, incluant celles que vous nous avez fournies. Vous pouvez \u00e9galement demander la suppression des donn\u00e9es personnelles vous concernant. Cela ne prend pas en compte les donn\u00e9es stock\u00e9es \u00e0 des fins administratives, l\u00e9gales ou pour des raisons de s\u00e9curit\u00e9.<\/p>\r\n<!-- \/wp:paragraph -->\r\n\r\n<!-- wp:heading -->\r\n<h2>Transmission de vos donn\u00e9es personnelles<\/h2>\r\n<!-- \/wp:heading -->\r\n\r\n<!-- wp:paragraph -->\r\n<p><strong class=\"privacy-policy-tutorial\">Texte sugg\u00e9r\u00e9 : <\/strong>Les commentaires des visiteurs peuvent \u00eatre v\u00e9rifi\u00e9s \u00e0 l\u2019aide d\u2019un service automatis\u00e9 de d\u00e9tection des commentaires ind\u00e9sirables.<\/p>\r\n<!-- \/wp:paragraph -->","_et_gb_content_width":"","footnotes":""},"class_list":["post-237595","page","type-page","status-publish","hentry"],"_links":{"self":[{"href":"https:\/\/www.espace43.be\/en\/wp-json\/wp\/v2\/pages\/237595","targetHints":{"allow":["GET"]}}],"collection":[{"href":"https:\/\/www.espace43.be\/en\/wp-json\/wp\/v2\/pages"}],"about":[{"href":"https:\/\/www.espace43.be\/en\/wp-json\/wp\/v2\/types\/page"}],"author":[{"embeddable":true,"href":"https:\/\/www.espace43.be\/en\/wp-json\/wp\/v2\/users\/1"}],"replies":[{"embeddable":true,"href":"https:\/\/www.espace43.be\/en\/wp-json\/wp\/v2\/comments?post=237595"}],"version-history":[{"count":0,"href":"https:\/\/www.espace43.be\/en\/wp-json\/wp\/v2\/pages\/237595\/revisions"}],"wp:attachment":[{"href":"https:\/\/www.espace43.be\/en\/wp-json\/wp\/v2\/media?parent=237595"}],"curies":[{"name":"wp","href":"https:\/\/api.w.org\/{rel}","templated":true}]}}