{"id":237597,"date":"2022-06-20T16:33:46","date_gmt":"2022-06-20T14:33:46","guid":{"rendered":"https:\/\/www.espace43.be\/reglement-dordre-interieur-espace-43\/"},"modified":"2022-09-07T16:42:35","modified_gmt":"2022-09-07T14:42:35","slug":"internal-regulations","status":"publish","type":"page","link":"https:\/\/www.espace43.be\/en\/internal-regulations\/","title":{"rendered":"Internal regulations"},"content":{"rendered":"<p>[et_pb_section fb_built=&#8221;1&#8243; custom_padding_last_edited=&#8221;on|phone&#8221; _builder_version=&#8221;4.16&#8243; _module_preset=&#8221;default&#8221; custom_padding=&#8221;120px||10px||false|&#8221; custom_padding_tablet=&#8221;&#8221; custom_padding_phone=&#8221;50px||10px||false|false&#8221; global_colors_info=&#8221;{}&#8221;][et_pb_row _builder_version=&#8221;4.16&#8243; _module_preset=&#8221;default&#8221; global_colors_info=&#8221;{}&#8221;][et_pb_column type=&#8221;4_4&#8243; _builder_version=&#8221;4.16&#8243; _module_preset=&#8221;default&#8221; global_colors_info=&#8221;{}&#8221;][et_pb_text _builder_version=&#8221;4.17.4&#8243; _module_preset=&#8221;default&#8221; header_font=&#8221;Stardos Stencil||||||||&#8221; header_font_size=&#8221;40px&#8221; text_orientation=&#8221;center&#8221; global_colors_info=&#8221;{}&#8221;]<\/p>\n<h1><span>R\u00e8glement d\u2019ordre int\u00e9rieur<\/span><\/h1>\n<p>[\/et_pb_text][\/et_pb_column][\/et_pb_row][et_pb_row _builder_version=&#8221;4.17.4&#8243; _module_preset=&#8221;default&#8221; global_colors_info=&#8221;{}&#8221;][et_pb_column type=&#8221;4_4&#8243; _builder_version=&#8221;4.17.4&#8243; _module_preset=&#8221;default&#8221; global_colors_info=&#8221;{}&#8221;][et_pb_text _builder_version=&#8221;4.17.4&#8243; _module_preset=&#8221;default&#8221; text_orientation=&#8221;center&#8221; hover_enabled=&#8221;0&#8243; global_colors_info=&#8221;{}&#8221; sticky_enabled=&#8221;0&#8243; header_2_font=&#8221;Roboto||||||||&#8221; header_2_text_align=&#8221;left&#8221;]<\/p>\n<h2>R\u00e8glement des chambres<\/h2>\n<p>[\/et_pb_text][et_pb_text _builder_version=&#8221;4.17.4&#8243; _module_preset=&#8221;default&#8221; hover_enabled=&#8221;0&#8243; global_colors_info=&#8221;{}&#8221; sticky_enabled=&#8221;0&#8243;]<\/p>\n<p><b>Valeurs<\/b><span style=\"font-weight: 400;\">: La Direction n\u2019est responsable que des objets ou valeurs d\u00e9pos\u00e9s \u00e0 la r\u00e9ception de l\u2019H\u00f4tel.<\/span><\/p>\n<p><b>Chambre<\/b><span style=\"font-weight: 400;\">: MM. Les clients sont pri\u00e9s d\u2019annoncer leur d\u00e9part au bureau de r\u00e9ception avant midi. Dans le cas contraire, la journ\u00e9e suivante de la chambre leur sera compt\u00e9e.\u00a0<\/span><\/p>\n<p><b>D\u00e9part matinal<\/b><span style=\"font-weight: 400;\">: MM. les Clients devant quitter l\u2019h\u00f4tel avant 7h00 du matin, sont pri\u00e9s de r\u00e9gler leur note la veille au soir.\u00a0<\/span><\/p>\n<p><b>Notes d\u2019h\u00f4tel<\/b><span style=\"font-weight: 400;\">: MM. les Clients sans bagages sont pri\u00e9s de payer d\u2019avance. Les notes sont pr\u00e9sent\u00e9es toutes les semaines, et r\u00e9gl\u00e9es au plus tard le lendemain avant midi.\u00a0<\/span><\/p>\n<p><b>Clefs<\/b><span style=\"font-weight: 400;\">: les chambres doivent \u00eatre tenues ferm\u00e9es et les clefs remises au bureau de r\u00e9ception.\u00a0<\/span><\/p>\n<p><b>Lumi\u00e8re Electrique<\/b><span style=\"font-weight: 400;\">: Il est formellement interdit de se servir de la lumi\u00e8re \u00e9lectrique pour y brancher des appareils de chauffage ou autres.\u00a0<\/span><\/p>\n<p><b>Eau<\/b><span style=\"font-weight: 400;\">: Il est formellement interdit de laver du linge dans les lavabos. Veillez \u00e0 ce que les robinets soient bien ferm\u00e9s.\u00a0<\/span><\/p>\n<p><b>R\u00e9clamations:<\/b><span style=\"font-weight: 400;\"> MM. les Clients sont pri\u00e9s de bien vouloir signaler \u00e0 la Direction toutes les d\u00e9fectuosit\u00e9s qu\u2019ils pourraient constater dans la marche des services de l\u2019h\u00f4tel.\u00a0<\/span><\/p>\n<p>&nbsp;<\/p>\n<p><b>La Direction<\/b><\/p>\n<p>[\/et_pb_text][\/et_pb_column][\/et_pb_row][et_pb_row _builder_version=&#8221;4.17.4&#8243; _module_preset=&#8221;default&#8221; global_colors_info=&#8221;{}&#8221;][et_pb_column type=&#8221;4_4&#8243; _builder_version=&#8221;4.17.4&#8243; _module_preset=&#8221;default&#8221; global_colors_info=&#8221;{}&#8221;][et_pb_text _builder_version=&#8221;4.17.4&#8243; _module_preset=&#8221;default&#8221; text_orientation=&#8221;center&#8221; hover_enabled=&#8221;0&#8243; global_colors_info=&#8221;{}&#8221; sticky_enabled=&#8221;0&#8243; header_2_font=&#8221;Roboto||||||||&#8221; header_2_text_align=&#8221;left&#8221;]<\/p>\n<h2>Rules of the rooms<\/h2>\n<p>[\/et_pb_text][et_pb_text _builder_version=&#8221;4.17.4&#8243; _module_preset=&#8221;default&#8221; hover_enabled=&#8221;0&#8243; global_colors_info=&#8221;{}&#8221; sticky_enabled=&#8221;0&#8243;]<\/p>\n<p><b>Valuables:<\/b><span style=\"font-weight: 400;\"> The Management is only responsible for objects or valuables deposited at the Reception Desk.\u00a0<\/span><\/p>\n<p><b>Room:<\/b><span style=\"font-weight: 400;\"> Guests are requested to announce their departure to the reception desk before midday. Failing this, they will be charged the hire of the room for the following day.\u00a0<\/span><\/p>\n<p><b>Early departure<\/b><span style=\"font-weight: 400;\">: Guests leaving the hotel before 7 a.m. are requested to settle their account the evening before.\u00a0<\/span><\/p>\n<p><b>Hotel Bills<\/b><span style=\"font-weight: 400;\">: Guests without luggage are requested to pay in advance. The accounts are presented every week and are payable at the latest the following day before midday.\u00a0<\/span><\/p>\n<p><b>Keys<\/b><span style=\"font-weight: 400;\">: The rooms are to be kept locked and the keys handed to the reception desk.\u00a0<\/span><\/p>\n<p><b>Electric light<\/b><span style=\"font-weight: 400;\">: It is strictly forbidden to use the electric light for connecting heaters or other appliances.\u00a0<\/span><\/p>\n<p><b>Water:<\/b><span style=\"font-weight: 400;\"> It is strictly forbidden to do any washing in the wash-hand basins. Make sure the taps are firmly turned off.\u00a0<\/span><\/p>\n<p><b>Complaints:<\/b><span style=\"font-weight: 400;\"> Guests are requested to kindly inform the Management of any defectiveness they may find in the running of the services of the hotel.\u00a0<\/span><\/p>\n<p>&nbsp;<\/p>\n<p><b>The Management<\/b><\/p>\n<p>[\/et_pb_text][\/et_pb_column][\/et_pb_row][et_pb_row _builder_version=&#8221;4.17.4&#8243; _module_preset=&#8221;default&#8221; global_colors_info=&#8221;{}&#8221;][et_pb_column type=&#8221;4_4&#8243; _builder_version=&#8221;4.17.4&#8243; _module_preset=&#8221;default&#8221; global_colors_info=&#8221;{}&#8221;][et_pb_text _builder_version=&#8221;4.17.4&#8243; _module_preset=&#8221;default&#8221; text_orientation=&#8221;center&#8221; hover_enabled=&#8221;0&#8243; global_colors_info=&#8221;{}&#8221; sticky_enabled=&#8221;0&#8243; header_2_font=&#8221;Roboto||||||||&#8221; header_2_text_align=&#8221;left&#8221;]<\/p>\n<h2>Zimmerordnung<\/h2>\n<p>[\/et_pb_text][et_pb_text _builder_version=&#8221;4.17.4&#8243; _module_preset=&#8221;default&#8221; hover_enabled=&#8221;0&#8243; global_colors_info=&#8221;{}&#8221; sticky_enabled=&#8221;0&#8243;]<\/p>\n<p><b>Wertgegenst\u00e4nde<\/b><span style=\"font-weight: 400;\">: Die Gesch\u00e4ftsleitung tr\u00e4gt die Verantwortung nur f\u00fcr die Gegenst\u00e4nde und Werte, die Ihr zur Verwahrung \u00fcbergeben wurden.\u00a0<\/span><\/p>\n<p><b>Zimmer:<\/b><span style=\"font-weight: 400;\"> Die verehrten Kunden werden gebeten, Ihre Abreise dem Empfangsb\u00fcro vor 12 Uhr mitzuteilen. Geschieht das nicht, wird der Zimmerpreis des folgenden Tages mitberechtnet.\u00a0<\/span><\/p>\n<p><b>Abreise morgens:<\/b><span style=\"font-weight: 400;\"> Die verehrten Kunden, die das Hotel vor 7 Uhr morgens verlassen, werden gebeten, ihre Rechnung am Vorabend zu begleichen.\u00a0<\/span><\/p>\n<p><b>Hotelrechnungen:<\/b><span style=\"font-weight: 400;\"> Diejenigen unsere verehrten Kundschaft, die ohne Gep\u00e4ck reisen, werden gebeten, im Voraus zu bezahlen. Die Rechnungsnoten werden w\u00f6chentlich \u00fcberreicht und sind sp\u00e4testens am n\u00e4chsten Tag vor 12 Uhr zu begleichen.\u00a0<\/span><\/p>\n<p><b>Schl\u00fcssel:<\/b><span style=\"font-weight: 400;\"> Die Zimmer sind abzuschlie\u00dfen und die Schl\u00fcssel am Empfang abzugeben.\u00a0<\/span><\/p>\n<p><b>Elektrizit\u00e4t<\/b><span style=\"font-weight: 400;\">: Es ist nicht gestattet, Heizk\u00f6rper oder andere Apparate anzuschlie\u00dfen.\u00a0<\/span><\/p>\n<p><b>Wasser:<\/b><span style=\"font-weight: 400;\"> Es ist nicht erlaubt, W\u00e4sche in den Waschbecken zu waschen. Es wird gebeten, darauf zu achten, dass die Wasserh\u00e4hne geschlossen sind.\u00a0<\/span><\/p>\n<p><b>Reklamationen:<\/b><span style=\"font-weight: 400;\"> Wir bitten unsere verehrte Kundschaft, der Gesch\u00e4ftsleitung alle M\u00e4ngel, de ihr im Rahmen des Hotelbetriebes aufgefallen sind, mitzuteilen.\u00a0<\/span><\/p>\n<p>&nbsp;<\/p>\n<p><b>Die Gesch\u00e4ftsleitung<\/b><\/p>\n<p>[\/et_pb_text][\/et_pb_column][\/et_pb_row][\/et_pb_section]<\/p>\n","protected":false},"excerpt":{"rendered":"<p>R\u00e8glement d\u2019ordre int\u00e9rieurR\u00e8glement des chambresValeurs: La Direction n\u2019est responsable que des objets ou valeurs d\u00e9pos\u00e9s \u00e0 la r\u00e9ception de l\u2019H\u00f4tel. Chambre: MM. Les clients sont pri\u00e9s d\u2019annoncer leur d\u00e9part au bureau de r\u00e9ception avant midi. Dans le cas contraire, la journ\u00e9e suivante de la chambre leur sera compt\u00e9e.\u00a0 D\u00e9part matinal: MM. les Clients devant quitter l\u2019h\u00f4tel avant 7h00 du matin, sont pri\u00e9s de r\u00e9gler leur note la veille au soir.\u00a0 Notes d\u2019h\u00f4tel: MM. les Clients sans bagages sont pri\u00e9s de payer d\u2019avance. Les notes sont pr\u00e9sent\u00e9es toutes les semaines, et r\u00e9gl\u00e9es au plus tard le lendemain avant midi.\u00a0 Clefs: les chambres doivent \u00eatre tenues ferm\u00e9es et les clefs remises au bureau de r\u00e9ception.\u00a0 Lumi\u00e8re Electrique: Il est formellement interdit de se servir de la lumi\u00e8re \u00e9lectrique pour y brancher des appareils de chauffage ou autres.\u00a0 Eau: Il est formellement interdit de laver du linge dans les lavabos. Veillez \u00e0 ce que les robinets soient bien ferm\u00e9s.\u00a0 R\u00e9clamations: MM. les Clients sont pri\u00e9s de bien vouloir signaler \u00e0 la Direction toutes les d\u00e9fectuosit\u00e9s qu\u2019ils pourraient constater dans la marche des services de l\u2019h\u00f4tel.\u00a0 &nbsp; La DirectionRules of the roomsValuables: The Management is only responsible for objects or valuables deposited at the [&hellip;]<\/p>\n","protected":false},"author":1,"featured_media":0,"parent":0,"menu_order":0,"comment_status":"closed","ping_status":"closed","template":"","meta":{"_et_pb_use_builder":"on","_et_pb_old_content":"","_et_gb_content_width":"","footnotes":""},"class_list":["post-237597","page","type-page","status-publish","hentry"],"_links":{"self":[{"href":"https:\/\/www.espace43.be\/en\/wp-json\/wp\/v2\/pages\/237597","targetHints":{"allow":["GET"]}}],"collection":[{"href":"https:\/\/www.espace43.be\/en\/wp-json\/wp\/v2\/pages"}],"about":[{"href":"https:\/\/www.espace43.be\/en\/wp-json\/wp\/v2\/types\/page"}],"author":[{"embeddable":true,"href":"https:\/\/www.espace43.be\/en\/wp-json\/wp\/v2\/users\/1"}],"replies":[{"embeddable":true,"href":"https:\/\/www.espace43.be\/en\/wp-json\/wp\/v2\/comments?post=237597"}],"version-history":[{"count":0,"href":"https:\/\/www.espace43.be\/en\/wp-json\/wp\/v2\/pages\/237597\/revisions"}],"wp:attachment":[{"href":"https:\/\/www.espace43.be\/en\/wp-json\/wp\/v2\/media?parent=237597"}],"curies":[{"name":"wp","href":"https:\/\/api.w.org\/{rel}","templated":true}]}}